{"id":173,"date":"2021-06-24T05:25:29","date_gmt":"2021-06-24T03:25:29","guid":{"rendered":"https:\/\/domaine-mia.iotasolutions.fr\/?page_id=173"},"modified":"2026-02-03T17:11:01","modified_gmt":"2026-02-03T16:11:01","slug":"mentions-legales","status":"publish","type":"page","link":"https:\/\/domaine-mia.com\/en\/mentions-legales\/","title":{"rendered":"Legal Notice"},"content":{"rendered":"<div data-elementor-type=\"wp-page\" data-elementor-id=\"173\" class=\"elementor elementor-173\" data-elementor-post-type=\"page\">\n\t\t\t\t\t\t<section class=\"elementor-section elementor-top-section elementor-element elementor-element-4027c71 elementor-section-boxed elementor-section-height-default elementor-section-height-default\" data-id=\"4027c71\" data-element_type=\"section\" data-e-type=\"section\">\n\t\t\t\t\t\t<div class=\"elementor-container elementor-column-gap-default\">\n\t\t\t\t\t<div class=\"elementor-column elementor-col-100 elementor-top-column elementor-element elementor-element-b9fa265\" data-id=\"b9fa265\" data-element_type=\"column\" data-e-type=\"column\">\n\t\t\t<div class=\"elementor-widget-wrap elementor-element-populated\">\n\t\t\t\t\t\t<div class=\"elementor-element elementor-element-8f1f8f6 elementor-widget elementor-widget-heading\" data-id=\"8f1f8f6\" data-element_type=\"widget\" data-e-type=\"widget\" data-widget_type=\"heading.default\">\n\t\t\t\t<div class=\"elementor-widget-container\">\n\t\t\t\t\t<h1 class=\"elementor-heading-title elementor-size-default\">LEGAL INFORMATION<\/h1>\t\t\t\t<\/div>\n\t\t\t\t<\/div>\n\t\t\t\t\t<\/div>\n\t\t<\/div>\n\t\t\t\t\t<\/div>\n\t\t<\/section>\n\t\t\t\t<section class=\"elementor-section elementor-top-section elementor-element elementor-element-67761225 elementor-section-boxed elementor-section-height-default elementor-section-height-default\" data-id=\"67761225\" data-element_type=\"section\" data-e-type=\"section\">\n\t\t\t\t\t\t<div class=\"elementor-container elementor-column-gap-default\">\n\t\t\t\t\t<div class=\"elementor-column elementor-col-100 elementor-top-column elementor-element elementor-element-7fbfb672\" data-id=\"7fbfb672\" data-element_type=\"column\" data-e-type=\"column\">\n\t\t\t<div class=\"elementor-widget-wrap elementor-element-populated\">\n\t\t\t\t\t\t<div class=\"elementor-element elementor-element-7c33a7c0 elementor-widget elementor-widget-text-editor\" data-id=\"7c33a7c0\" data-element_type=\"widget\" data-e-type=\"widget\" data-widget_type=\"text-editor.default\">\n\t\t\t\t<div class=\"elementor-widget-container\">\n\t\t\t\t\t\t\t\t\t<p style=\"text-align: center;\">In force on 16\/09\/2021<\/p><p>In accordance with the provisions of Articles 6-III and 19 of Law n \u00b0 2004-575 of 21 June 2004 on Confidence in the digital economy, known as LCEN, Users of the domaine-mia.com site are informed of the these legal notices.<br \/>The connection and navigation on the site (indicate the name of the site) by the User implies full and unreserved acceptance of these legal notices.<br \/>These are accessible on the site under the heading \u201cLegal notices\u201d.<\/p><p><strong>ARTICLE 1: The editor<\/strong><\/p><p>The domain-mia.com site is edited by SA NSG VINS with a capital of 8259144 euros, registered with the RCS of Dijon under number 391 539 756 whose head office is located at 6 rue de Chaux, telephone number 0380624310, e-mail address: contact@nsg-vins.com.<br \/>Intra-community VAT number: FR11391539756<\/p><p><strong>ARTICLE 2: The designer<\/strong><\/p><p>The design of the domaine-mia.com site was carried out by the 1703 Factory agency, whose head office is located at 10 Boulevard Pineau - 92300 Levallois Perret, website: <a href=\"http:\/\/www.1703factory.com\/\">www.1703factory.com<\/a><\/p><p><strong>ARTICLE 3: The host<\/strong><\/p><p>Nom de l&rsquo;h\u00e9bergeur : o2switch<\/p><p>Adresse : Chem. des Pardiaux, 63000 Clermont-Ferrand, France<\/p><p>T\u00e9l\u00e9phone : 04 44 44 60 40<\/p><p>Site web : <a href=\"https:\/\/www.o2switch.fr\">https:\/\/www.o2switch.fr<\/a><\/p><p><strong>ARTICLE 4: Access to the site<\/strong><\/p><p>The site is accessible from any location, 7 days a week, 24 hours a day, except in cases of force majeure, planned or unscheduled interruption and which may result from a need for maintenance.<br \/>In the event of modification, interruption or suspension of services, the domaine-mia.com site cannot be held responsible.<\/p><p><strong>ARTICLE 5: Data collection<\/strong><\/p><p>The site is exempt from declaration to the Commission Nationale Informatique et Libert\u00e9s (CNIL) insofar as it does not collect any data concerning users.<\/p>\t\t\t\t\t\t\t\t<\/div>\n\t\t\t\t<\/div>\n\t\t\t\t<div class=\"elementor-element elementor-element-20eb96a elementor-widget elementor-widget-menu-anchor\" data-id=\"20eb96a\" data-element_type=\"widget\" data-e-type=\"widget\" data-widget_type=\"menu-anchor.default\">\n\t\t\t\t<div class=\"elementor-widget-container\">\n\t\t\t\t\t\t\t<div class=\"elementor-menu-anchor\" id=\"cookies\"><\/div>\n\t\t\t\t\t\t<\/div>\n\t\t\t\t<\/div>\n\t\t\t\t<div class=\"elementor-element elementor-element-d562ff6 elementor-widget elementor-widget-text-editor\" data-id=\"d562ff6\" data-element_type=\"widget\" data-e-type=\"widget\" data-widget_type=\"text-editor.default\">\n\t\t\t\t<div class=\"elementor-widget-container\">\n\t\t\t\t\t\t\t\t\t<p><b>ARTICLE 6: Cookies<\/b><\/p><p>The User is informed that during his visits to the site, a cookie may be automatically installed on his browser software.<br \/>By browsing the site, he accepts them.<br \/>A cookie is an element which does not allow the User to be identified but is used to record information relating to the user&#039;s navigation on the website. The User can deactivate this cookie through the parameters appearing in his browser software.<\/p><p><b>ARTICLE 7: Intellectual property<\/b><\/p><p>Any use, reproduction, distribution, marketing, modification of all or part of the domaine-mia.com site without the Publisher&#039;s authorization is prohibited and may result in actions and legal proceedings as provided in particular by the Intellectual Property Code and the Civil Code.<\/p><p><u>Photo credit:<\/u> :<br \/><span style=\"color: var( --e-global-color-be37f55 );\">Photographer: Caroline Faccioli<br \/><\/span><span style=\"color: var( --e-global-color-be37f55 );\">Photo stylist: Corinne Jausserand<\/span><span style=\"color: var( --e-global-color-be37f55 );\"><br \/><\/span><\/p>\t\t\t\t\t\t\t\t<\/div>\n\t\t\t\t<\/div>\n\t\t\t\t\t<\/div>\n\t\t<\/div>\n\t\t\t\t\t<\/div>\n\t\t<\/section>\n\t\t\t\t<\/div>","protected":false},"excerpt":{"rendered":"<p>MENTIONS L\u00c9GALES En vigueur au 16\/09\/2021 Conform\u00e9ment aux dispositions des Articles 6-III et 19 de la Loi n\u00b02004-575 du 21 juin 2004 pour la Confiance dans l\u2019\u00e9conomie num\u00e9rique, dite L.C.E.N., il est port\u00e9 \u00e0 la connaissance des Utilisateurs du site domaine-mia.com les pr\u00e9sentes mentions l\u00e9gales.La connexion et la navigation sur le site (indiquer le nom [&hellip;]<\/p>\n","protected":false},"author":4257,"featured_media":0,"parent":0,"menu_order":11,"comment_status":"closed","ping_status":"closed","template":"","meta":{"_acf_changed":false,"footnotes":""},"class_list":["post-173","page","type-page","status-publish","hentry"],"acf":[],"publishpress_future_action":{"enabled":false,"date":"2026-05-20 12:40:20","action":"change-status","newStatus":"draft","terms":[],"taxonomy":"","extraData":[]},"publishpress_future_workflow_manual_trigger":{"enabledWorkflows":[]},"_links":{"self":[{"href":"https:\/\/domaine-mia.com\/en\/wp-json\/wp\/v2\/pages\/173","targetHints":{"allow":["GET"]}}],"collection":[{"href":"https:\/\/domaine-mia.com\/en\/wp-json\/wp\/v2\/pages"}],"about":[{"href":"https:\/\/domaine-mia.com\/en\/wp-json\/wp\/v2\/types\/page"}],"author":[{"embeddable":true,"href":"https:\/\/domaine-mia.com\/en\/wp-json\/wp\/v2\/users\/4257"}],"replies":[{"embeddable":true,"href":"https:\/\/domaine-mia.com\/en\/wp-json\/wp\/v2\/comments?post=173"}],"version-history":[{"count":6,"href":"https:\/\/domaine-mia.com\/en\/wp-json\/wp\/v2\/pages\/173\/revisions"}],"predecessor-version":[{"id":15173,"href":"https:\/\/domaine-mia.com\/en\/wp-json\/wp\/v2\/pages\/173\/revisions\/15173"}],"wp:attachment":[{"href":"https:\/\/domaine-mia.com\/en\/wp-json\/wp\/v2\/media?parent=173"}],"curies":[{"name":"wp","href":"https:\/\/api.w.org\/{rel}","templated":true}]}}