{"id":188,"date":"2021-06-24T05:35:22","date_gmt":"2021-06-24T03:35:22","guid":{"rendered":"https:\/\/domaine-mia.iotasolutions.fr\/?page_id=188"},"modified":"2026-02-03T16:13:23","modified_gmt":"2026-02-03T15:13:23","slug":"le-soin-du-detail","status":"publish","type":"page","link":"https:\/\/domaine-mia.com\/en\/le-soin-du-detail\/","title":{"rendered":"Attention to detail"},"content":{"rendered":"<div data-elementor-type=\"wp-page\" data-elementor-id=\"188\" class=\"elementor elementor-188\" data-elementor-post-type=\"page\">\n\t\t\t\t\t\t<section class=\"elementor-section elementor-top-section elementor-element elementor-element-29d9f7cb elementor-section-height-min-height elementor-section-stretched elementor-section-boxed elementor-section-height-default elementor-section-items-middle\" data-id=\"29d9f7cb\" data-element_type=\"section\" data-e-type=\"section\" data-settings=\"{&quot;stretch_section&quot;:&quot;section-stretched&quot;,&quot;background_background&quot;:&quot;classic&quot;}\">\n\t\t\t\t\t\t<div class=\"elementor-container elementor-column-gap-default\">\n\t\t\t\t\t<div class=\"elementor-column elementor-col-100 elementor-top-column elementor-element elementor-element-53956e9 elementor-invisible\" data-id=\"53956e9\" data-element_type=\"column\" data-e-type=\"column\" data-settings=\"{&quot;animation&quot;:&quot;fadeInUp&quot;}\">\n\t\t\t<div class=\"elementor-widget-wrap elementor-element-populated\">\n\t\t\t\t\t\t<div class=\"elementor-element elementor-element-b942c41 elementor-widget elementor-widget-heading\" data-id=\"b942c41\" data-element_type=\"widget\" data-e-type=\"widget\" data-widget_type=\"heading.default\">\n\t\t\t\t<div class=\"elementor-widget-container\">\n\t\t\t\t\t<h1 class=\"elementor-heading-title elementor-size-default\">ATTENTION TO DETAIL<\/h1>\t\t\t\t<\/div>\n\t\t\t\t<\/div>\n\t\t\t\t<div class=\"elementor-element elementor-element-ce876c4 elementor-widget elementor-widget-heading\" data-id=\"ce876c4\" data-element_type=\"widget\" data-e-type=\"widget\" data-widget_type=\"heading.default\">\n\t\t\t\t<div class=\"elementor-widget-container\">\n\t\t\t\t\t<h2 class=\"elementor-heading-title elementor-size-default\">The quality of the wine depends on the good manners adopted between the land and the people. A demanding care, of details and of each moment, from the vineyard to the cellar, until the packaging.<\/h2>\t\t\t\t<\/div>\n\t\t\t\t<\/div>\n\t\t\t\t\t<\/div>\n\t\t<\/div>\n\t\t\t\t\t<\/div>\n\t\t<\/section>\n\t\t\t\t<section class=\"elementor-section elementor-top-section elementor-element elementor-element-2d6db129 elementor-section-stretched elementor-section-content-middle elementor-section-boxed elementor-section-height-default elementor-section-height-default\" data-id=\"2d6db129\" data-element_type=\"section\" data-e-type=\"section\" data-settings=\"{&quot;stretch_section&quot;:&quot;section-stretched&quot;}\">\n\t\t\t\t\t\t<div class=\"elementor-container elementor-column-gap-no\">\n\t\t\t\t\t<div class=\"elementor-column elementor-col-50 elementor-top-column elementor-element elementor-element-34e8bced\" data-id=\"34e8bced\" data-element_type=\"column\" data-e-type=\"column\">\n\t\t\t<div class=\"elementor-widget-wrap elementor-element-populated\">\n\t\t\t\t\t\t<div class=\"elementor-element elementor-element-34c8d09a elementor-widget__width-initial elementor-widget elementor-widget-heading\" data-id=\"34c8d09a\" data-element_type=\"widget\" data-e-type=\"widget\" data-widget_type=\"heading.default\">\n\t\t\t\t<div class=\"elementor-widget-container\">\n\t\t\t\t\t<h3 class=\"elementor-heading-title elementor-size-default\">SAVOIR-TERRE<\/h3>\t\t\t\t<\/div>\n\t\t\t\t<\/div>\n\t\t\t\t<div class=\"elementor-element elementor-element-68ff763a elementor-widget elementor-widget-text-editor\" data-id=\"68ff763a\" data-element_type=\"widget\" data-e-type=\"widget\" data-widget_type=\"text-editor.default\">\n\t\t\t\t<div class=\"elementor-widget-container\">\n\t\t\t\t\t\t\t\t\t<p>The terroir owes much to the earth, to the soil. It is in itself a \"living environment\", a place of interaction: a source of energy from which the vine draws its nutrients and composes the secret alchemy of the colors, aromas and flavors of its grapes.<\/p><p>It is in these soils that the grape varieties find a perfect ground for expression. The land, with its microclimate and its specific altitude, determines the typicity of Climat.<\/p>\t\t\t\t\t\t\t\t<\/div>\n\t\t\t\t<\/div>\n\t\t\t\t\t<\/div>\n\t\t<\/div>\n\t\t\t\t<div class=\"elementor-column elementor-col-50 elementor-top-column elementor-element elementor-element-611e949b\" data-id=\"611e949b\" data-element_type=\"column\" data-e-type=\"column\">\n\t\t\t<div class=\"elementor-widget-wrap elementor-element-populated\">\n\t\t\t\t\t\t<div class=\"elementor-element elementor-element-8447c9d elementor-widget elementor-widget-image\" data-id=\"8447c9d\" data-element_type=\"widget\" data-e-type=\"widget\" data-settings=\"{&quot;_animation&quot;:&quot;none&quot;}\" data-widget_type=\"image.default\">\n\t\t\t\t<div class=\"elementor-widget-container\">\n\t\t\t\t\t\t\t\t\t\t\t\t\t\t\t<img fetchpriority=\"high\" decoding=\"async\" width=\"900\" height=\"900\" src=\"https:\/\/domaine-mia.com\/wp-content\/uploads\/2021\/06\/domaine-mia-vins-bio-bourgogne-1000-min.jpeg\" class=\"attachment-full size-full wp-image-277\" alt=\"Working the soil in the vineyards of Domaine Mia\" srcset=\"https:\/\/domaine-mia.com\/wp-content\/uploads\/2021\/06\/domaine-mia-vins-bio-bourgogne-1000-min.jpeg 900w, https:\/\/domaine-mia.com\/wp-content\/uploads\/2021\/06\/domaine-mia-vins-bio-bourgogne-1000-min-100x100.jpeg 100w, https:\/\/domaine-mia.com\/wp-content\/uploads\/2021\/06\/domaine-mia-vins-bio-bourgogne-1000-min-300x300.jpeg 300w, https:\/\/domaine-mia.com\/wp-content\/uploads\/2021\/06\/domaine-mia-vins-bio-bourgogne-1000-min-150x150.jpeg 150w, https:\/\/domaine-mia.com\/wp-content\/uploads\/2021\/06\/domaine-mia-vins-bio-bourgogne-1000-min-768x768.jpeg 768w, https:\/\/domaine-mia.com\/wp-content\/uploads\/2021\/06\/domaine-mia-vins-bio-bourgogne-1000-min-12x12.jpeg 12w, https:\/\/domaine-mia.com\/wp-content\/uploads\/2021\/06\/domaine-mia-vins-bio-bourgogne-1000-min-50x50.jpeg 50w\" sizes=\"(max-width: 900px) 100vw, 900px\" \/>\t\t\t\t\t\t\t\t\t\t\t\t\t\t\t<\/div>\n\t\t\t\t<\/div>\n\t\t\t\t\t<\/div>\n\t\t<\/div>\n\t\t\t\t\t<\/div>\n\t\t<\/section>\n\t\t\t\t<section class=\"elementor-section elementor-top-section elementor-element elementor-element-1a262877 elementor-section-stretched elementor-section-content-middle elementor-reverse-mobile elementor-section-boxed elementor-section-height-default elementor-section-height-default\" data-id=\"1a262877\" data-element_type=\"section\" data-e-type=\"section\" data-settings=\"{&quot;stretch_section&quot;:&quot;section-stretched&quot;}\">\n\t\t\t\t\t\t<div class=\"elementor-container elementor-column-gap-no\">\n\t\t\t\t\t<div class=\"elementor-column elementor-col-50 elementor-top-column elementor-element elementor-element-23180da3\" data-id=\"23180da3\" data-element_type=\"column\" data-e-type=\"column\" data-settings=\"{&quot;background_background&quot;:&quot;slideshow&quot;,&quot;background_slideshow_gallery&quot;:[],&quot;background_slideshow_loop&quot;:&quot;yes&quot;,&quot;background_slideshow_slide_duration&quot;:5000,&quot;background_slideshow_slide_transition&quot;:&quot;fade&quot;,&quot;background_slideshow_transition_duration&quot;:500}\">\n\t\t\t<div class=\"elementor-widget-wrap elementor-element-populated\">\n\t\t\t\t\t\t<div class=\"elementor-element elementor-element-d2bcab1 elementor-widget elementor-widget-image\" data-id=\"d2bcab1\" data-element_type=\"widget\" data-e-type=\"widget\" data-widget_type=\"image.default\">\n\t\t\t\t<div class=\"elementor-widget-container\">\n\t\t\t\t\t\t\t\t\t\t\t\t\t\t\t<img decoding=\"async\" width=\"800\" height=\"800\" src=\"https:\/\/domaine-mia.com\/wp-content\/uploads\/2021\/06\/domaine-mia-vins-biodymanie-1000-min.jpeg\" class=\"attachment-large size-large wp-image-281\" alt=\"Vins en Biodynamie au Domaine Mia, en Bourgogne\" srcset=\"https:\/\/domaine-mia.com\/wp-content\/uploads\/2021\/06\/domaine-mia-vins-biodymanie-1000-min.jpeg 1000w, https:\/\/domaine-mia.com\/wp-content\/uploads\/2021\/06\/domaine-mia-vins-biodymanie-1000-min-100x100.jpeg 100w, https:\/\/domaine-mia.com\/wp-content\/uploads\/2021\/06\/domaine-mia-vins-biodymanie-1000-min-300x300.jpeg 300w, https:\/\/domaine-mia.com\/wp-content\/uploads\/2021\/06\/domaine-mia-vins-biodymanie-1000-min-150x150.jpeg 150w, https:\/\/domaine-mia.com\/wp-content\/uploads\/2021\/06\/domaine-mia-vins-biodymanie-1000-min-768x768.jpeg 768w, https:\/\/domaine-mia.com\/wp-content\/uploads\/2021\/06\/domaine-mia-vins-biodymanie-1000-min-12x12.jpeg 12w, https:\/\/domaine-mia.com\/wp-content\/uploads\/2021\/06\/domaine-mia-vins-biodymanie-1000-min-50x50.jpeg 50w\" sizes=\"(max-width: 800px) 100vw, 800px\" \/>\t\t\t\t\t\t\t\t\t\t\t\t\t\t\t<\/div>\n\t\t\t\t<\/div>\n\t\t\t\t\t<\/div>\n\t\t<\/div>\n\t\t\t\t<div class=\"elementor-column elementor-col-50 elementor-top-column elementor-element elementor-element-2e6caf02\" data-id=\"2e6caf02\" data-element_type=\"column\" data-e-type=\"column\">\n\t\t\t<div class=\"elementor-widget-wrap elementor-element-populated\">\n\t\t\t\t\t\t<div class=\"elementor-element elementor-element-327b9382 elementor-widget__width-initial elementor-widget elementor-widget-heading\" data-id=\"327b9382\" data-element_type=\"widget\" data-e-type=\"widget\" data-widget_type=\"heading.default\">\n\t\t\t\t<div class=\"elementor-widget-container\">\n\t\t\t\t\t<h3 class=\"elementor-heading-title elementor-size-default\">SAVOIR-FAIRE<\/h3>\t\t\t\t<\/div>\n\t\t\t\t<\/div>\n\t\t\t\t<div class=\"elementor-element elementor-element-6381756e elementor-widget elementor-widget-text-editor\" data-id=\"6381756e\" data-element_type=\"widget\" data-e-type=\"widget\" data-widget_type=\"text-editor.default\">\n\t\t\t\t<div class=\"elementor-widget-container\">\n\t\t\t\t\t\t\t\t\t<p>The estate now creates its own compost, based on vine shoots and cow manure, which is used as a fertilizer for the plantations.<\/p><p>The use of herbal and flower teas as well as honey from our beehives allows the vines to self-immune.<\/p><p>The beehives present on the estate also help bring biodiversity back to the vineyard.<\/p>\t\t\t\t\t\t\t\t<\/div>\n\t\t\t\t<\/div>\n\t\t\t\t\t<\/div>\n\t\t<\/div>\n\t\t\t\t\t<\/div>\n\t\t<\/section>\n\t\t\t\t<section class=\"elementor-section elementor-top-section elementor-element elementor-element-4a41f178 elementor-section-stretched elementor-section-content-middle elementor-section-boxed elementor-section-height-default elementor-section-height-default\" data-id=\"4a41f178\" data-element_type=\"section\" data-e-type=\"section\" data-settings=\"{&quot;stretch_section&quot;:&quot;section-stretched&quot;}\">\n\t\t\t\t\t\t<div class=\"elementor-container elementor-column-gap-no\">\n\t\t\t\t\t<div class=\"elementor-column elementor-col-50 elementor-top-column elementor-element elementor-element-5d8b0d83\" data-id=\"5d8b0d83\" data-element_type=\"column\" data-e-type=\"column\">\n\t\t\t<div class=\"elementor-widget-wrap elementor-element-populated\">\n\t\t\t\t\t\t<div class=\"elementor-element elementor-element-78fe698a elementor-widget__width-initial elementor-widget elementor-widget-heading\" data-id=\"78fe698a\" data-element_type=\"widget\" data-e-type=\"widget\" data-widget_type=\"heading.default\">\n\t\t\t\t<div class=\"elementor-widget-container\">\n\t\t\t\t\t<h3 class=\"elementor-heading-title elementor-size-default\">WINEMAKING &amp; AGING<\/h3>\t\t\t\t<\/div>\n\t\t\t\t<\/div>\n\t\t\t\t<div class=\"elementor-element elementor-element-6f2789f6 elementor-widget elementor-widget-text-editor\" data-id=\"6f2789f6\" data-element_type=\"widget\" data-e-type=\"widget\" data-widget_type=\"text-editor.default\">\n\t\t\t\t<div class=\"elementor-widget-container\">\n\t\t\t\t\t\t\t\t\t<p>Domaine MIA strives to obtain high quality grapes and wines by cultivating the vines in an extremely respectful way, by limiting to the maximum human manipulations, to let Nature express itself at its best.<\/p><p>Our ambition is to go even further by moving towards biodynamics. In order to reach this goal, we have already put in place several practices and we continue to develop them progressively. The objective is to obtain the certification in the next few years.<\/p><p>It is a virtuous ecosystem where the quality of the wine depends on the good manners adopted between the land and the people. A demanding care, of details and of each moment, from the vineyard to the cellar, brought by Mia, Alain, Romain, C\u00e9dric, Jo\u00eblle, Jean-Michel, David, Am\u00e9lie, Th\u00e9o and Baronne, the ploughing mare of the Domaine.<\/p>\t\t\t\t\t\t\t\t<\/div>\n\t\t\t\t<\/div>\n\t\t\t\t\t<\/div>\n\t\t<\/div>\n\t\t\t\t<div class=\"elementor-column elementor-col-50 elementor-top-column elementor-element elementor-element-7b3c064a\" data-id=\"7b3c064a\" data-element_type=\"column\" data-e-type=\"column\">\n\t\t\t<div class=\"elementor-widget-wrap elementor-element-populated\">\n\t\t\t\t\t\t<div class=\"elementor-element elementor-element-0fa3073 elementor-widget elementor-widget-image\" data-id=\"0fa3073\" data-element_type=\"widget\" data-e-type=\"widget\" data-widget_type=\"image.default\">\n\t\t\t\t<div class=\"elementor-widget-container\">\n\t\t\t\t\t\t\t\t\t\t\t\t\t\t\t<img decoding=\"async\" width=\"800\" height=\"800\" src=\"https:\/\/domaine-mia.com\/wp-content\/uploads\/2021\/06\/domaine-mia-vinification-bourgogne-1000-min.jpeg\" class=\"attachment-large size-large wp-image-285\" alt=\"La vinification dans les caves de Bourgogne Domaine Mia\" srcset=\"https:\/\/domaine-mia.com\/wp-content\/uploads\/2021\/06\/domaine-mia-vinification-bourgogne-1000-min.jpeg 900w, https:\/\/domaine-mia.com\/wp-content\/uploads\/2021\/06\/domaine-mia-vinification-bourgogne-1000-min-100x100.jpeg 100w, https:\/\/domaine-mia.com\/wp-content\/uploads\/2021\/06\/domaine-mia-vinification-bourgogne-1000-min-300x300.jpeg 300w, https:\/\/domaine-mia.com\/wp-content\/uploads\/2021\/06\/domaine-mia-vinification-bourgogne-1000-min-150x150.jpeg 150w, https:\/\/domaine-mia.com\/wp-content\/uploads\/2021\/06\/domaine-mia-vinification-bourgogne-1000-min-768x768.jpeg 768w, https:\/\/domaine-mia.com\/wp-content\/uploads\/2021\/06\/domaine-mia-vinification-bourgogne-1000-min-12x12.jpeg 12w, https:\/\/domaine-mia.com\/wp-content\/uploads\/2021\/06\/domaine-mia-vinification-bourgogne-1000-min-50x50.jpeg 50w\" sizes=\"(max-width: 800px) 100vw, 800px\" \/>\t\t\t\t\t\t\t\t\t\t\t\t\t\t\t<\/div>\n\t\t\t\t<\/div>\n\t\t\t\t\t<\/div>\n\t\t<\/div>\n\t\t\t\t\t<\/div>\n\t\t<\/section>\n\t\t\t\t<section class=\"elementor-section elementor-top-section elementor-element elementor-element-3e02f79 elementor-section-boxed elementor-section-height-default elementor-section-height-default\" data-id=\"3e02f79\" data-element_type=\"section\" data-e-type=\"section\">\n\t\t\t\t\t\t<div class=\"elementor-container elementor-column-gap-default\">\n\t\t\t\t\t<div class=\"elementor-column elementor-col-100 elementor-top-column elementor-element elementor-element-f97f4ec\" data-id=\"f97f4ec\" data-element_type=\"column\" data-e-type=\"column\">\n\t\t\t<div class=\"elementor-widget-wrap elementor-element-populated\">\n\t\t\t\t\t\t<div class=\"elementor-element elementor-element-38fe3d8 elementor-widget elementor-widget-menu-anchor\" data-id=\"38fe3d8\" data-element_type=\"widget\" data-e-type=\"widget\" data-widget_type=\"menu-anchor.default\">\n\t\t\t\t<div class=\"elementor-widget-container\">\n\t\t\t\t\t\t\t<div class=\"elementor-menu-anchor\" id=\"packaging\"><\/div>\n\t\t\t\t\t\t<\/div>\n\t\t\t\t<\/div>\n\t\t\t\t\t<\/div>\n\t\t<\/div>\n\t\t\t\t\t<\/div>\n\t\t<\/section>\n\t\t\t\t<section class=\"elementor-section elementor-top-section elementor-element elementor-element-1d7e201d elementor-section-stretched elementor-section-content-middle elementor-reverse-mobile elementor-section-boxed elementor-section-height-default elementor-section-height-default\" data-id=\"1d7e201d\" data-element_type=\"section\" data-e-type=\"section\" data-settings=\"{&quot;stretch_section&quot;:&quot;section-stretched&quot;}\">\n\t\t\t\t\t\t<div class=\"elementor-container elementor-column-gap-no\">\n\t\t\t\t\t<div class=\"elementor-column elementor-col-50 elementor-top-column elementor-element elementor-element-57c25216\" data-id=\"57c25216\" data-element_type=\"column\" data-e-type=\"column\">\n\t\t\t<div class=\"elementor-widget-wrap elementor-element-populated\">\n\t\t\t\t\t\t<div class=\"elementor-element elementor-element-7f6864d elementor-pagination-position-inside elementor-widget elementor-widget-image-carousel\" data-id=\"7f6864d\" data-element_type=\"widget\" data-e-type=\"widget\" data-settings=\"{&quot;slides_to_show&quot;:&quot;1&quot;,&quot;navigation&quot;:&quot;dots&quot;,&quot;autoplay&quot;:&quot;yes&quot;,&quot;pause_on_hover&quot;:&quot;yes&quot;,&quot;pause_on_interaction&quot;:&quot;yes&quot;,&quot;autoplay_speed&quot;:5000,&quot;infinite&quot;:&quot;yes&quot;,&quot;effect&quot;:&quot;slide&quot;,&quot;speed&quot;:500}\" data-widget_type=\"image-carousel.default\">\n\t\t\t\t<div class=\"elementor-widget-container\">\n\t\t\t\t\t\t\t<div class=\"elementor-image-carousel-wrapper swiper\" role=\"region\" aria-roledescription=\"carousel\" aria-label=\"Carrousel d\u2019images\" dir=\"ltr\">\n\t\t\t<div class=\"elementor-image-carousel swiper-wrapper\" aria-live=\"off\">\n\t\t\t\t\t\t\t\t<div class=\"swiper-slide\" role=\"group\" aria-roledescription=\"slide\" aria-label=\"1 sur 2\"><figure class=\"swiper-slide-inner\"><img decoding=\"async\" class=\"swiper-slide-image\" src=\"https:\/\/domaine-mia.com\/wp-content\/uploads\/2024\/11\/Domaine-Mia-Packaging-Ecodesign-Biodynamie-Bourgogne-1703-factory-1.jpg\" alt=\"Domaine-Mia-Packaging-Ecodesign-Biodynamie-Bourgogne-1703-factory-1\" \/><\/figure><\/div><div class=\"swiper-slide\" role=\"group\" aria-roledescription=\"slide\" aria-label=\"2 sur 2\"><figure class=\"swiper-slide-inner\"><img decoding=\"async\" class=\"swiper-slide-image\" src=\"https:\/\/domaine-mia.com\/wp-content\/uploads\/2024\/11\/Domaine-Mia-Packaging-Ecodesign-Biodynamie-Bourgogne-1703-factory-3.jpg\" alt=\"Domaine-Mia-Packaging-Ecodesign-Biodynamie-Bourgogne-1703-factory-3\" \/><\/figure><\/div>\t\t\t<\/div>\n\t\t\t\t\t\t\t\n\t\t\t\t\t\t\t\t\t<div class=\"swiper-pagination\"><\/div>\n\t\t\t\t\t\t\t\t\t<\/div>\n\t\t\t\t\t\t<\/div>\n\t\t\t\t<\/div>\n\t\t\t\t\t<\/div>\n\t\t<\/div>\n\t\t\t\t<div class=\"elementor-column elementor-col-50 elementor-top-column elementor-element elementor-element-2e4d7fa7\" data-id=\"2e4d7fa7\" data-element_type=\"column\" data-e-type=\"column\">\n\t\t\t<div class=\"elementor-widget-wrap elementor-element-populated\">\n\t\t\t\t\t\t<div class=\"elementor-element elementor-element-3af59920 elementor-widget__width-initial elementor-widget elementor-widget-heading\" data-id=\"3af59920\" data-element_type=\"widget\" data-e-type=\"widget\" data-widget_type=\"heading.default\">\n\t\t\t\t<div class=\"elementor-widget-container\">\n\t\t\t\t\t<h3 class=\"elementor-heading-title elementor-size-default\">THE PACKAGING<\/h3>\t\t\t\t<\/div>\n\t\t\t\t<\/div>\n\t\t\t\t<div class=\"elementor-element elementor-element-7fa33347 elementor-widget elementor-widget-text-editor\" data-id=\"7fa33347\" data-element_type=\"widget\" data-e-type=\"widget\" data-widget_type=\"text-editor.default\">\n\t\t\t\t<div class=\"elementor-widget-container\">\n\t\t\t\t\t\t\t\t\t<p>Our attention to detail and respect for nature extends to the choice of packaging.<br>Our packaging (bottle, label, cardboard) has been designed with eco-responsibility in mind. The cork is made from sustainable cork. The cap is made of pure recyclable aluminum. The label is made from FSC-certified paper made from cotton fibers.<br>Les cartons d\u2019emballage de nos colis sont recyclables et con\u00e7us pour garantir des chocs et emp\u00eacher la casse lors du transport. Nos bouteilles sont chacune habill\u00e9es de papier de soie.<br>We offer wooden boxes for one, 3 or 6 bottles and for our magnums.<\/p>\t\t\t\t\t\t\t\t<\/div>\n\t\t\t\t<\/div>\n\t\t\t\t\t<\/div>\n\t\t<\/div>\n\t\t\t\t\t<\/div>\n\t\t<\/section>\n\t\t\t\t<\/div>","protected":false},"excerpt":{"rendered":"<p>LE SOIN DU D\u00c9TAIL La qualit\u00e9 du vin d\u00e9pend des bonnes mani\u00e8res adopt\u00e9es entre la terre et les hommes. Un soin exigeant, de d\u00e9tails et de chaque instant, de la vigne \u00e0 la cave, jusqu\u2019au packaging. SAVOIR-TERRE Le terroir doit beaucoup \u00e0 la terre, au sol. Il est en soi un \u00ab milieu de vie [&hellip;]<\/p>\n","protected":false},"author":4257,"featured_media":0,"parent":0,"menu_order":3,"comment_status":"closed","ping_status":"closed","template":"elementor_header_footer","meta":{"_acf_changed":false,"footnotes":""},"class_list":["post-188","page","type-page","status-publish","hentry"],"acf":[],"publishpress_future_action":{"enabled":false,"date":"2026-05-05 18:42:16","action":"change-status","newStatus":"draft","terms":[],"taxonomy":"","extraData":[]},"publishpress_future_workflow_manual_trigger":{"enabledWorkflows":[]},"_links":{"self":[{"href":"https:\/\/domaine-mia.com\/en\/wp-json\/wp\/v2\/pages\/188","targetHints":{"allow":["GET"]}}],"collection":[{"href":"https:\/\/domaine-mia.com\/en\/wp-json\/wp\/v2\/pages"}],"about":[{"href":"https:\/\/domaine-mia.com\/en\/wp-json\/wp\/v2\/types\/page"}],"author":[{"embeddable":true,"href":"https:\/\/domaine-mia.com\/en\/wp-json\/wp\/v2\/users\/4257"}],"replies":[{"embeddable":true,"href":"https:\/\/domaine-mia.com\/en\/wp-json\/wp\/v2\/comments?post=188"}],"version-history":[{"count":9,"href":"https:\/\/domaine-mia.com\/en\/wp-json\/wp\/v2\/pages\/188\/revisions"}],"predecessor-version":[{"id":15164,"href":"https:\/\/domaine-mia.com\/en\/wp-json\/wp\/v2\/pages\/188\/revisions\/15164"}],"wp:attachment":[{"href":"https:\/\/domaine-mia.com\/en\/wp-json\/wp\/v2\/media?parent=188"}],"curies":[{"name":"wp","href":"https:\/\/api.w.org\/{rel}","templated":true}]}}