{"id":5,"date":"2021-06-24T04:43:23","date_gmt":"2021-06-24T02:43:23","guid":{"rendered":"https:\/\/domaine-mia.iotasolutions.fr\/?page_id=3"},"modified":"2024-10-07T11:02:37","modified_gmt":"2024-10-07T09:02:37","slug":"privacy-policy","status":"publish","type":"page","link":"https:\/\/domaine-mia.com\/en\/politique-de-confidentialite\/","title":{"rendered":"Privacy Policy"},"content":{"rendered":"<div data-elementor-type=\"wp-page\" data-elementor-id=\"5\" class=\"elementor elementor-5\" data-elementor-post-type=\"page\">\n\t\t\t\t\t\t<section class=\"elementor-section elementor-top-section elementor-element elementor-element-2191ec8 elementor-section-boxed elementor-section-height-default elementor-section-height-default\" data-id=\"2191ec8\" data-element_type=\"section\" data-e-type=\"section\">\n\t\t\t\t\t\t<div class=\"elementor-container elementor-column-gap-default\">\n\t\t\t\t\t<div class=\"elementor-column elementor-col-100 elementor-top-column elementor-element elementor-element-1210f29\" data-id=\"1210f29\" data-element_type=\"column\" data-e-type=\"column\">\n\t\t\t<div class=\"elementor-widget-wrap elementor-element-populated\">\n\t\t\t\t\t\t<div class=\"elementor-element elementor-element-3ca2e1c elementor-widget elementor-widget-heading\" data-id=\"3ca2e1c\" data-element_type=\"widget\" data-e-type=\"widget\" data-widget_type=\"heading.default\">\n\t\t\t\t<div class=\"elementor-widget-container\">\n\t\t\t\t\t<h1 class=\"elementor-heading-title elementor-size-default\">PRIVACY POLICY<\/h1>\t\t\t\t<\/div>\n\t\t\t\t<\/div>\n\t\t\t\t\t<\/div>\n\t\t<\/div>\n\t\t\t\t\t<\/div>\n\t\t<\/section>\n\t\t\t\t<section class=\"elementor-section elementor-top-section elementor-element elementor-element-62503c0d elementor-section-boxed elementor-section-height-default elementor-section-height-default\" data-id=\"62503c0d\" data-element_type=\"section\" data-e-type=\"section\">\n\t\t\t\t\t\t<div class=\"elementor-container elementor-column-gap-default\">\n\t\t\t\t\t<div class=\"elementor-column elementor-col-100 elementor-top-column elementor-element elementor-element-42e03226\" data-id=\"42e03226\" data-element_type=\"column\" data-e-type=\"column\">\n\t\t\t<div class=\"elementor-widget-wrap elementor-element-populated\">\n\t\t\t\t\t\t<div class=\"elementor-element elementor-element-429aaaa9 elementor-widget elementor-widget-text-editor\" data-id=\"429aaaa9\" data-element_type=\"widget\" data-e-type=\"widget\" data-widget_type=\"text-editor.default\">\n\t\t\t\t<div class=\"elementor-widget-container\">\n\t\t\t\t\t\t\t\t\t<h2>Personal data protection policy<\/h2>\n<p>For any further information on the protection of personal data, you can also consult the website of the Commission Informatique et Libert\u00e9 https:\/\/www.cnil.fr<\/p>\n<h2>Responsable du traitement des donn\u00e9es personnelles :<\/h2>\n<p>The personal data collected on the site are processed by: NSG VINS for Domaine MIA, 6 rue de Chaux, 21700 Nuits-St-Georges<\/p>\n<h2>Collection of personal data:<\/h2>\n<p>We need to collect some of your personal data in order to best process your orders: Management of customer relations and orders placed on our site.<br>\nWe mainly collect information about you for the management of your orders, delivery, invoices, etc...<\/p>\n<h2>What personal data is collected?<\/h2>\n<p>We collect your personal data (name, first name, address, e-mail, IP address, telephone, order history, connection and navigation data). The mandatory nature of the data is indicated by an asterisk.<\/p>\n<h2>Communications received from Domaine MIA<\/h2>\n<p>Following an order (payment, shipping and delivery) you will receive an email confirmation and follow-up throughout the ordering process (shipping, delivery, return). If you are not opposed, you will also receive newsletters of our various commercial offers.<\/p>\n<h2>How to manage the use of my personal data?<\/h2>\n<p>You can withdraw your consent at any time or request an objection concerning the collection and use of your personal data:<\/p>\n<p>By email: contact (at) domaine-mia.com<br>\nBy mail to the following address: Domaine MIA \/ NSG VINS, 6 rue de Chaux, 21700 Nuits-St-Georges<br>\nBy specifying the request for deletion of account.<\/p>\n<h2>My rights regarding the use of personal data<\/h2>\n<p>In accordance with the regulation on the protection of personal data, you can exercise your rights (of rectification, deletion, opposition, limitation and portability) and define the fate of your personal data by email (contact (at) domaine-mia.com) or by mail (Domaine MIA\/NSG VINS, 6 rue de Chaux, 21700 Nuits-St-Georges)<\/p>\n<p>You also have the right to lodge a complaint with the National Commission for Computing and Liberties (CNIL) on its website www.cnil.fr.<\/p>\n<p>You can also make a complaint to the Data Protection Officer (DPO) who is responsible for guaranteeing the protection of personal data collected by the Domaine MIA \/ NSG VINS, at the following address: contact (at) domaine-mia .com<\/p>\t\t\t\t\t\t\t\t<\/div>\n\t\t\t\t<\/div>\n\t\t\t\t\t<\/div>\n\t\t<\/div>\n\t\t\t\t\t<\/div>\n\t\t<\/section>\n\t\t\t\t<\/div>","protected":false},"excerpt":{"rendered":"<p>POLITIQUE DE CONFIDENTIALIT\u00c9 Politique de protection des donn\u00e9es personnelles Pour toute information compl\u00e9mentaire sur la protection des donn\u00e9es personnelles, vous pouvez \u00e9galement consulter le site de la Commission Informatique et Libert\u00e9 https:\/\/www.cnil.fr Responsable du traitement des donn\u00e9es personnelles : Les donn\u00e9es personnelles collect\u00e9es sur le site sont trait\u00e9es par :&nbsp;Domaine MIA\/NSG VINS, 6 rue de [&hellip;]<\/p>\n","protected":false},"author":4257,"featured_media":0,"parent":0,"menu_order":12,"comment_status":"closed","ping_status":"closed","template":"","meta":{"_acf_changed":false,"footnotes":""},"class_list":["post-5","page","type-page","status-publish","hentry"],"acf":[],"publishpress_future_action":{"enabled":false,"date":"2026-05-20 12:39:26","action":"change-status","newStatus":"draft","terms":[],"taxonomy":"","extraData":[]},"publishpress_future_workflow_manual_trigger":{"enabledWorkflows":[]},"_links":{"self":[{"href":"https:\/\/domaine-mia.com\/en\/wp-json\/wp\/v2\/pages\/5","targetHints":{"allow":["GET"]}}],"collection":[{"href":"https:\/\/domaine-mia.com\/en\/wp-json\/wp\/v2\/pages"}],"about":[{"href":"https:\/\/domaine-mia.com\/en\/wp-json\/wp\/v2\/types\/page"}],"author":[{"embeddable":true,"href":"https:\/\/domaine-mia.com\/en\/wp-json\/wp\/v2\/users\/4257"}],"replies":[{"embeddable":true,"href":"https:\/\/domaine-mia.com\/en\/wp-json\/wp\/v2\/comments?post=5"}],"version-history":[{"count":0,"href":"https:\/\/domaine-mia.com\/en\/wp-json\/wp\/v2\/pages\/5\/revisions"}],"wp:attachment":[{"href":"https:\/\/domaine-mia.com\/en\/wp-json\/wp\/v2\/media?parent=5"}],"curies":[{"name":"wp","href":"https:\/\/api.w.org\/{rel}","templated":true}]}}